{"id":297,"date":"2022-06-02T15:14:23","date_gmt":"2022-06-02T15:14:23","guid":{"rendered":"https:\/\/lonehansenkofoed.dk\/?page_id=297"},"modified":"2022-06-02T15:14:23","modified_gmt":"2022-06-02T15:14:23","slug":"nyhedsbrev","status":"publish","type":"page","link":"https:\/\/lonehansenkofoed.dk\/index.php\/nyhedsbrev\/","title":{"rendered":"Nyhedsbrev"},"content":{"rendered":"<div class=\"wp-block-post-date\"><time datetime=\"2022-06-02T15:14:23+00:00\">juni 2, 2022<\/time><\/div>\n\n\n<p class=\"has-light-green-cyan-background-color has-background has-medium-font-size\">Velkommen til det f\u00f8rste nyhedsbrev fra P\u00e5 vej med Lone Hansen Kofoed. Her kommer der nyheder til jer, der kan komme rabatter p\u00e5 behandlinger, sjove indslag, alvorlige indslag. Jeg \u00f8nsker at lave et nyhedsbrev, der bliver  levende og l\u00e6rerigt. Der kan komme viden om de essentielle olier, nye produkter. I det hele taget vil nyhedsbrevet afspejle, hvad der optager mig i \u00f8jeblikket.<\/p>\n\n\n\n<p class=\"has-light-green-cyan-background-color has-background has-medium-font-size\">Nu er vi godt igang med den danske sommer. I Juni m\u00e5ned er der mange fine tilbud fra Dottera. Du er velkommen til at kontakte mig for yderligere info. Du er ogs\u00e5 velkommen til at klikke dig ind p\u00e5 min <a href=\"http:\/\/doterra.myvoffice.com\/lonehansenkofoed\/?_ga=2.152617337.1565100627.1654182727-1551051390.1611311593#\/\">webshop hos Doterra<\/a>. St\u00f8der du ind i udfordringer undervejs, hj\u00e6lper jeg dig gerne videre.<\/p>\n\n\n\n<p><\/p>\n\n\n\n<div class=\"wp-block-group alignwide is-layout-flow wp-block-group-is-layout-flow\">\n<div class=\"wp-block-media-text alignwide is-stacked-on-mobile\"><figure class=\"wp-block-media-text__media\"><img loading=\"lazy\" decoding=\"async\" width=\"1024\" height=\"1024\" src=\"https:\/\/lonehansenkofoed.dk\/wp-content\/uploads\/2022\/06\/citrus-spring-med-diffuser-1024x1024.png\" alt=\"En rigtig fin nyhed fra Doterra. Jeg har bestilt og t\u00e6nker det her s\u00e6t bliver min f\u00f8lgesvend gennem sommeren. Jeg kan jo selvf\u00f8lgelig v\u00e6lge lige den ynglingsolie jeg vil.\" class=\"wp-image-299 size-full\" srcset=\"https:\/\/lonehansenkofoed.dk\/wp-content\/uploads\/2022\/06\/citrus-spring-med-diffuser-1024x1024.png 1024w, https:\/\/lonehansenkofoed.dk\/wp-content\/uploads\/2022\/06\/citrus-spring-med-diffuser-300x300.png 300w, https:\/\/lonehansenkofoed.dk\/wp-content\/uploads\/2022\/06\/citrus-spring-med-diffuser-150x150.png 150w, https:\/\/lonehansenkofoed.dk\/wp-content\/uploads\/2022\/06\/citrus-spring-med-diffuser-768x768.png 768w, https:\/\/lonehansenkofoed.dk\/wp-content\/uploads\/2022\/06\/citrus-spring-med-diffuser.png 1080w\" sizes=\"(max-width: 1024px) 100vw, 1024px\" \/><\/figure><div class=\"wp-block-media-text__content\">\n<p class=\"has-light-green-cyan-background-color has-background has-medium-font-size\">En rigtig fin nyhed fra Doterra. Jeg har bestilt og t\u00e6nker det her s\u00e6t bliver min f\u00f8lgesvend gennem sommeren. Jeg kan jo selvf\u00f8lgelig v\u00e6lge at bruge lige den ynglingsolie jeg vil i diffuseren.<\/p>\n<\/div><\/div>\n<\/div>\n\n\n\n<p><\/p>\n\n\n\n<p class=\"has-light-green-cyan-background-color has-background has-medium-font-size\">Energimassage og flowhealing k\u00f8rer videre i juni og juli m\u00e5ned. Se priser <a href=\"https:\/\/lonehansenkofoed.dk\/wp-admin\/post.php?post=176&amp;action=edit\">her<\/a>. <\/p>\n","protected":false},"excerpt":{"rendered":"<p>Velkommen til det f\u00f8rste nyhedsbrev fra P\u00e5 vej med Lone Hansen Kofoed. Her kommer der nyheder til jer, der kan komme rabatter p\u00e5 behandlinger, sjove indslag, alvorlige indslag. Jeg \u00f8nsker at lave et nyhedsbrev, der bliver levende og l\u00e6rerigt. Der kan komme viden om de essentielle olier, nye produkter. I det hele taget vil nyhedsbrevet [&hellip;]<\/p>\n","protected":false},"author":1,"featured_media":0,"parent":0,"menu_order":0,"comment_status":"closed","ping_status":"closed","template":"","meta":{"_et_pb_use_builder":"","_et_pb_old_content":"","_et_gb_content_width":"","_mi_skip_tracking":false,"footnotes":""},"class_list":["post-297","page","type-page","status-publish","hentry"],"_links":{"self":[{"href":"https:\/\/lonehansenkofoed.dk\/index.php\/wp-json\/wp\/v2\/pages\/297"}],"collection":[{"href":"https:\/\/lonehansenkofoed.dk\/index.php\/wp-json\/wp\/v2\/pages"}],"about":[{"href":"https:\/\/lonehansenkofoed.dk\/index.php\/wp-json\/wp\/v2\/types\/page"}],"author":[{"embeddable":true,"href":"https:\/\/lonehansenkofoed.dk\/index.php\/wp-json\/wp\/v2\/users\/1"}],"replies":[{"embeddable":true,"href":"https:\/\/lonehansenkofoed.dk\/index.php\/wp-json\/wp\/v2\/comments?post=297"}],"version-history":[{"count":5,"href":"https:\/\/lonehansenkofoed.dk\/index.php\/wp-json\/wp\/v2\/pages\/297\/revisions"}],"predecessor-version":[{"id":304,"href":"https:\/\/lonehansenkofoed.dk\/index.php\/wp-json\/wp\/v2\/pages\/297\/revisions\/304"}],"wp:attachment":[{"href":"https:\/\/lonehansenkofoed.dk\/index.php\/wp-json\/wp\/v2\/media?parent=297"}],"curies":[{"name":"wp","href":"https:\/\/api.w.org\/{rel}","templated":true}]}}