{"id":291,"date":"2022-06-02T12:24:03","date_gmt":"2022-06-02T12:24:03","guid":{"rendered":"https:\/\/lonehansenkofoed.dk\/?page_id=291"},"modified":"2022-06-02T12:24:03","modified_gmt":"2022-06-02T12:24:03","slug":"praktiske-oplysninger-energimassage","status":"publish","type":"page","link":"https:\/\/lonehansenkofoed.dk\/index.php\/praktiske-oplysninger-energimassage\/","title":{"rendered":"praktiske oplysninger energimassage"},"content":{"rendered":"\n<p class=\"has-light-green-cyan-background-color has-background has-medium-font-size\">Du medbringer dit eget lagen samt 2 h\u00e5ndkl\u00e6der. Massagen foreg\u00e5r ved, at du ligger p\u00e5 maven p\u00e5 en behandlerbriks med dit eget lagen, h\u00e5ndkl\u00e6derne bruger jeg til at d\u00e6kke dig til og til at t\u00f8rre overskydende olie v\u00e6k. <\/p>\n\n\n\n<p class=\"has-light-green-cyan-background-color has-background has-medium-font-size\">Erfaringsm\u00e6ssigt foretr\u00e6kker de fleste at ligge p\u00e5 maven ved en massage. Da vi arbejder med energier, skal energien nok finde hen, hvor der er brug for den.  Har du nogle udfordringer, der g\u00f8r at du gerne vil l\u00e6gge p\u00e5 ryggen, finder vi bare ud af det.<\/p>\n\n\n\n<p class=\"has-light-green-cyan-background-color has-background has-medium-font-size\">Behandlingen varer ca 35 min. Det kan variere en smule.<\/p>\n\n\n\n<div class=\"wp-block-columns is-layout-flex wp-container-core-columns-is-layout-1 wp-block-columns-is-layout-flex\">\n<div class=\"wp-block-column is-layout-flow wp-block-column-is-layout-flow\" style=\"flex-basis:100%\">\n<div class=\"wp-block-buttons is-layout-flex wp-block-buttons-is-layout-flex\">\n<div class=\"wp-block-button has-custom-width wp-block-button__width-25\"><a class=\"wp-block-button__link has-luminous-vivid-amber-background-color has-background\" href=\"\" target=\"_blank\" rel=\"noreferrer noopener\">   priser   <\/a><\/div>\n\n\n\n<div class=\"wp-block-button has-custom-width wp-block-button__width-25\"><a class=\"wp-block-button__link has-luminous-vivid-amber-background-color has-background\" href=\"\" target=\"_blank\" rel=\"noreferrer noopener\">tidsbestilling<\/a><\/div>\n<\/div>\n<\/div>\n<\/div>\n","protected":false},"excerpt":{"rendered":"<p>Du medbringer dit eget lagen samt 2 h\u00e5ndkl\u00e6der. Massagen foreg\u00e5r ved, at du ligger p\u00e5 maven p\u00e5 en behandlerbriks med dit eget lagen, h\u00e5ndkl\u00e6derne bruger jeg til at d\u00e6kke dig til og til at t\u00f8rre overskydende olie v\u00e6k. Erfaringsm\u00e6ssigt foretr\u00e6kker de fleste at ligge p\u00e5 maven ved en massage. Da vi arbejder med energier, skal [&hellip;]<\/p>\n","protected":false},"author":1,"featured_media":0,"parent":0,"menu_order":0,"comment_status":"closed","ping_status":"closed","template":"","meta":{"_et_pb_use_builder":"","_et_pb_old_content":"","_et_gb_content_width":"","_mi_skip_tracking":false,"footnotes":""},"class_list":["post-291","page","type-page","status-publish","hentry"],"_links":{"self":[{"href":"https:\/\/lonehansenkofoed.dk\/index.php\/wp-json\/wp\/v2\/pages\/291"}],"collection":[{"href":"https:\/\/lonehansenkofoed.dk\/index.php\/wp-json\/wp\/v2\/pages"}],"about":[{"href":"https:\/\/lonehansenkofoed.dk\/index.php\/wp-json\/wp\/v2\/types\/page"}],"author":[{"embeddable":true,"href":"https:\/\/lonehansenkofoed.dk\/index.php\/wp-json\/wp\/v2\/users\/1"}],"replies":[{"embeddable":true,"href":"https:\/\/lonehansenkofoed.dk\/index.php\/wp-json\/wp\/v2\/comments?post=291"}],"version-history":[{"count":3,"href":"https:\/\/lonehansenkofoed.dk\/index.php\/wp-json\/wp\/v2\/pages\/291\/revisions"}],"predecessor-version":[{"id":295,"href":"https:\/\/lonehansenkofoed.dk\/index.php\/wp-json\/wp\/v2\/pages\/291\/revisions\/295"}],"wp:attachment":[{"href":"https:\/\/lonehansenkofoed.dk\/index.php\/wp-json\/wp\/v2\/media?parent=291"}],"curies":[{"name":"wp","href":"https:\/\/api.w.org\/{rel}","templated":true}]}}