{"id":154,"date":"2022-05-03T16:48:36","date_gmt":"2022-05-03T16:48:36","guid":{"rendered":"https:\/\/lonehansenkofoed.dk\/?page_id=154"},"modified":"2022-06-07T09:56:26","modified_gmt":"2022-06-07T09:56:26","slug":"energimassage","status":"publish","type":"page","link":"https:\/\/lonehansenkofoed.dk\/index.php\/energimassage\/","title":{"rendered":"Energimassage"},"content":{"rendered":"\n<p class=\"has-light-green-cyan-background-color has-background has-medium-font-size\">N\u00e5r jeg giver energimassage, arbejder jeg med energier. Ved energimassagen aktiveres flow og energistr\u00f8mning i kroppen. Det er en massage, hvor jeg arbejder blidt og roligt med energien i kroppen og flytter energien fra kroppens energi punkter og ud i kroppen. Derved skabes der flow i kroppen. Det er en meget behagelig form for massage, der ikke g\u00f8r ondt. N\u00e5r der kommer flow af energi i kroppen, er det med til at l\u00f8sne blokeringer og sp\u00e6ndinger. <\/p>\n\n\n\n<p class=\"has-light-green-cyan-background-color has-background has-medium-font-size\">Er du tr\u00e6t og udk\u00f8rt vil du opleve mere energi og oplever du uro i kroppen, vil energimassagen hj\u00e6lpe til at finde ro.<\/p>\n\n\n\n<p class=\"has-light-green-cyan-background-color has-background has-medium-font-size\">Energimasagen foreg\u00e5r ved, at du ligger p\u00e5 maven p\u00e5  behandlerbriksen. Du har medbragt et lagen og 2 h\u00e5ndkl\u00e6der. Lagenet ligger du p\u00e5 og de 2 h\u00e5ndkl\u00e6der l\u00e6gges p\u00e5 omr\u00e5der af kroppen, der venter p\u00e5 behandling og til at fjerne olierester.<\/p>\n\n\n\n<p class=\"has-light-green-cyan-background-color has-background has-medium-font-size\">S\u00f8rg for at drikke rigeligt med vand efter behandlingen.<\/p>\n\n\n\n<div class=\"wp-block-media-text alignwide is-stacked-on-mobile\" style=\"grid-template-columns:15% auto\"><figure class=\"wp-block-media-text__media\"><img loading=\"lazy\" decoding=\"async\" width=\"768\" height=\"1024\" src=\"https:\/\/lonehansenkofoed.dk\/wp-content\/uploads\/2022\/06\/morem-768x1024.jpg\" alt=\"\" class=\"wp-image-308 size-full\" srcset=\"https:\/\/lonehansenkofoed.dk\/wp-content\/uploads\/2022\/06\/morem-768x1024.jpg 768w, https:\/\/lonehansenkofoed.dk\/wp-content\/uploads\/2022\/06\/morem-225x300.jpg 225w, https:\/\/lonehansenkofoed.dk\/wp-content\/uploads\/2022\/06\/morem-1152x1536.jpg 1152w, https:\/\/lonehansenkofoed.dk\/wp-content\/uploads\/2022\/06\/morem-1536x2048.jpg 1536w, https:\/\/lonehansenkofoed.dk\/wp-content\/uploads\/2022\/06\/morem-scaled.jpg 1920w\" sizes=\"(max-width: 768px) 100vw, 768px\" \/><\/figure><div class=\"wp-block-media-text__content\">\n<p class=\"has-light-green-cyan-background-color has-background has-medium-font-size\">Til energimassagen anvender jeg en b\u00e6reolie med udvalgte essentielle olier. Disse olier vil hj\u00e6lpe med at slipppe blokeringer i krop og sj\u00e6l. Jeg arbejder hele tiden med olierne og derfor kan det v\u00e6re lidt forskellige olier, jeg anvender fra gang til gang.<\/p>\n<\/div><\/div>\n\n\n\n<p class=\"has-light-green-cyan-background-color has-background has-medium-font-size\">Vil du g\u00f8re lidt ekstra for dig selv kan jeg anbefale en kombination af energimassagen og flowhealingen. De underst\u00f8tter hinanden p\u00e5 fineste vis.<\/p>\n\n\n\n<p class=\"has-light-green-cyan-background-color has-background has-medium-font-size\"><\/p>\n\n\n\n<p class=\"has-light-green-cyan-background-color has-background has-medium-font-size\">Der vil v\u00e6re mulighed for behandling i Vamdrup. Det kan ogs\u00e5 v\u00e6re en mulighed, at jeg medbringer min mobile klinik. Det er dog kun efter en vurdering af adgangsforhold mm. <\/p>\n\n\n\n<div class=\"wp-block-buttons is-layout-flex wp-block-buttons-is-layout-flex\">\n<div class=\"wp-block-button has-custom-font-size has-medium-font-size\"><a class=\"wp-block-button__link has-luminous-vivid-amber-background-color has-background\" href=\"https:\/\/lonehansenkofoed.dk\/wp-admin\/post.php?post=141&amp;action=edit\">Bestil en tid<\/a><\/div>\n<\/div>\n","protected":false},"excerpt":{"rendered":"<p>N\u00e5r jeg giver energimassage, arbejder jeg med energier. Ved energimassagen aktiveres flow og energistr\u00f8mning i kroppen. Det er en massage, hvor jeg arbejder blidt og roligt med energien i kroppen og flytter energien fra kroppens energi punkter og ud i kroppen. Derved skabes der flow i kroppen. Det er en meget behagelig form for massage, [&hellip;]<\/p>\n","protected":false},"author":1,"featured_media":0,"parent":0,"menu_order":0,"comment_status":"closed","ping_status":"closed","template":"","meta":{"_et_pb_use_builder":"","_et_pb_old_content":"","_et_gb_content_width":"","_mi_skip_tracking":false,"footnotes":""},"class_list":["post-154","page","type-page","status-publish","hentry"],"_links":{"self":[{"href":"https:\/\/lonehansenkofoed.dk\/index.php\/wp-json\/wp\/v2\/pages\/154"}],"collection":[{"href":"https:\/\/lonehansenkofoed.dk\/index.php\/wp-json\/wp\/v2\/pages"}],"about":[{"href":"https:\/\/lonehansenkofoed.dk\/index.php\/wp-json\/wp\/v2\/types\/page"}],"author":[{"embeddable":true,"href":"https:\/\/lonehansenkofoed.dk\/index.php\/wp-json\/wp\/v2\/users\/1"}],"replies":[{"embeddable":true,"href":"https:\/\/lonehansenkofoed.dk\/index.php\/wp-json\/wp\/v2\/comments?post=154"}],"version-history":[{"count":14,"href":"https:\/\/lonehansenkofoed.dk\/index.php\/wp-json\/wp\/v2\/pages\/154\/revisions"}],"predecessor-version":[{"id":311,"href":"https:\/\/lonehansenkofoed.dk\/index.php\/wp-json\/wp\/v2\/pages\/154\/revisions\/311"}],"wp:attachment":[{"href":"https:\/\/lonehansenkofoed.dk\/index.php\/wp-json\/wp\/v2\/media?parent=154"}],"curies":[{"name":"wp","href":"https:\/\/api.w.org\/{rel}","templated":true}]}}