{"id":141,"date":"2022-05-02T09:01:12","date_gmt":"2022-05-02T09:01:12","guid":{"rendered":"https:\/\/lonehansenkofoed.dk\/?page_id=141"},"modified":"2022-05-03T20:28:04","modified_gmt":"2022-05-03T20:28:04","slug":"bestil-en-tid","status":"publish","type":"page","link":"https:\/\/lonehansenkofoed.dk\/index.php\/bestil-en-tid\/","title":{"rendered":"Bestil en tid"},"content":{"rendered":"\n<div class=\"wp-block-buttons is-layout-flex wp-block-buttons-is-layout-flex\"><\/div>\n\n\n\n<ul class=\"has-light-green-cyan-background-color has-background has-medium-font-size wp-block-list\"><li><strong>Send en mail til lonekofoed@live.dk<\/strong><\/li><li><strong>send sms til 30352006<\/strong><\/li><\/ul>\n\n\n\n<p class=\"has-light-green-cyan-background-color has-background has-medium-font-size\">Jeg svarer hurtigst muligt. Respekter gerne, at jeg ikke tager telefonen.  <\/p>\n\n\n\n<p class=\"has-light-green-cyan-background-color has-background has-medium-font-size\">Adresse:<\/p>\n\n\n\n<ul class=\"has-light-green-cyan-background-color has-background has-medium-font-size wp-block-list\"><li>F\u00e5 det bedre, Helsecenter<\/li><li>B\u00f8nstrupvej 11. 6580 Vamdrup<\/li><\/ul>\n\n\n\n<p class=\"has-light-green-cyan-background-color has-background has-medium-font-size\">Alternativt kan jeg tilbyde at komme til dig med min mobile klinik.  Der kan forekomme et k\u00f8rselstill\u00e6g. Der skal v\u00e6re gode adgangsforhold. Vi aftaler hvilke muligheder, der er for dig.<\/p>\n\n\n\n<p><\/p>\n","protected":false},"excerpt":{"rendered":"<p>Send en mail til lonekofoed@live.dk send sms til 30352006 Jeg svarer hurtigst muligt. Respekter gerne, at jeg ikke tager telefonen. Adresse: F\u00e5 det bedre, Helsecenter B\u00f8nstrupvej 11. 6580 Vamdrup Alternativt kan jeg tilbyde at komme til dig med min mobile klinik. Der kan forekomme et k\u00f8rselstill\u00e6g. Der skal v\u00e6re gode adgangsforhold. Vi aftaler hvilke muligheder, [&hellip;]<\/p>\n","protected":false},"author":1,"featured_media":0,"parent":0,"menu_order":0,"comment_status":"closed","ping_status":"closed","template":"","meta":{"_et_pb_use_builder":"","_et_pb_old_content":"","_et_gb_content_width":"","_mi_skip_tracking":false,"footnotes":""},"class_list":["post-141","page","type-page","status-publish","hentry"],"_links":{"self":[{"href":"https:\/\/lonehansenkofoed.dk\/index.php\/wp-json\/wp\/v2\/pages\/141"}],"collection":[{"href":"https:\/\/lonehansenkofoed.dk\/index.php\/wp-json\/wp\/v2\/pages"}],"about":[{"href":"https:\/\/lonehansenkofoed.dk\/index.php\/wp-json\/wp\/v2\/types\/page"}],"author":[{"embeddable":true,"href":"https:\/\/lonehansenkofoed.dk\/index.php\/wp-json\/wp\/v2\/users\/1"}],"replies":[{"embeddable":true,"href":"https:\/\/lonehansenkofoed.dk\/index.php\/wp-json\/wp\/v2\/comments?post=141"}],"version-history":[{"count":8,"href":"https:\/\/lonehansenkofoed.dk\/index.php\/wp-json\/wp\/v2\/pages\/141\/revisions"}],"predecessor-version":[{"id":294,"href":"https:\/\/lonehansenkofoed.dk\/index.php\/wp-json\/wp\/v2\/pages\/141\/revisions\/294"}],"wp:attachment":[{"href":"https:\/\/lonehansenkofoed.dk\/index.php\/wp-json\/wp\/v2\/media?parent=141"}],"curies":[{"name":"wp","href":"https:\/\/api.w.org\/{rel}","templated":true}]}}