{"id":125,"date":"2022-05-01T14:35:09","date_gmt":"2022-05-01T14:35:09","guid":{"rendered":"https:\/\/lonehansenkofoed.dk\/?page_id=125"},"modified":"2022-05-03T20:21:43","modified_gmt":"2022-05-03T20:21:43","slug":"flowhealing","status":"publish","type":"page","link":"https:\/\/lonehansenkofoed.dk\/index.php\/flowhealing\/","title":{"rendered":"flowhealing"},"content":{"rendered":"\n<p class=\"has-light-green-cyan-background-color has-background has-medium-font-size\">Flowhealing kan hj\u00e6lpe med at opl\u00f8se blokeringer og sp\u00e6ndinger. Disse kan v\u00e6re gemt i b\u00e5de din fysiske krop og blokere for et godt flow i din mentale og psykiske krop<\/p>\n\n\n\n<p>Fx:<\/p>\n\n\n\n<ul class=\"has-black-color has-light-green-cyan-background-color has-text-color has-background wp-block-list\"><li>Svigt.<\/li><li>Indre uro.<\/li><li>Lavt selvv\u00e6rd.<\/li><li>Manglende mod.<\/li><li>Uoverskuelighed.<\/li><li>Manglende overblik.<\/li><li>Fysiske sp\u00e6ndinger.<\/li><li>Lav eller ingen energi.<\/li><li>V\u00e6gtregulering og rygestop.<\/li><li>Manglende tro p\u00e5 at kunne lykkedes.<\/li><li>Skyld, skam eller d\u00e5rlig samvittigheds f\u00f8lelse.<\/li><\/ul>\n\n\n\n<p class=\"has-light-green-cyan-background-color has-background\">Et af mine bud p\u00e5 at v\u00e6re &#8220;P\u00e5 vej&#8221;, at v\u00e6lge at v\u00e6re i flow i stedet for modstand<\/p>\n\n\n\n<p class=\"has-light-green-cyan-background-color has-background\"><strong>Jeg kan anbefale en kombination af energimassagen og flowhealingen, der underst\u00f8tter hinanden p\u00e5 fineste vis.<\/strong><\/p>\n\n\n\n<div class=\"wp-block-buttons is-layout-flex wp-block-buttons-is-layout-flex\">\n<div class=\"wp-block-button\"><a class=\"wp-block-button__link has-luminous-vivid-amber-background-color has-background\" href=\"https:\/\/lonehansenkofoed.dk\/wp-admin\/post.php?post=141&amp;action=edit\">Bestil en tid her:<\/a><\/div>\n<\/div>\n","protected":false},"excerpt":{"rendered":"<p>Flowhealing kan hj\u00e6lpe med at opl\u00f8se blokeringer og sp\u00e6ndinger. Disse kan v\u00e6re gemt i b\u00e5de din fysiske krop og blokere for et godt flow i din mentale og psykiske krop Fx: Svigt. Indre uro. Lavt selvv\u00e6rd. Manglende mod. Uoverskuelighed. Manglende overblik. Fysiske sp\u00e6ndinger. Lav eller ingen energi. V\u00e6gtregulering og rygestop. Manglende tro p\u00e5 at kunne [&hellip;]<\/p>\n","protected":false},"author":1,"featured_media":0,"parent":0,"menu_order":1,"comment_status":"closed","ping_status":"closed","template":"","meta":{"_et_pb_use_builder":"","_et_pb_old_content":"","_et_gb_content_width":"","_mi_skip_tracking":false,"footnotes":""},"class_list":["post-125","page","type-page","status-publish","hentry"],"_links":{"self":[{"href":"https:\/\/lonehansenkofoed.dk\/index.php\/wp-json\/wp\/v2\/pages\/125"}],"collection":[{"href":"https:\/\/lonehansenkofoed.dk\/index.php\/wp-json\/wp\/v2\/pages"}],"about":[{"href":"https:\/\/lonehansenkofoed.dk\/index.php\/wp-json\/wp\/v2\/types\/page"}],"author":[{"embeddable":true,"href":"https:\/\/lonehansenkofoed.dk\/index.php\/wp-json\/wp\/v2\/users\/1"}],"replies":[{"embeddable":true,"href":"https:\/\/lonehansenkofoed.dk\/index.php\/wp-json\/wp\/v2\/comments?post=125"}],"version-history":[{"count":12,"href":"https:\/\/lonehansenkofoed.dk\/index.php\/wp-json\/wp\/v2\/pages\/125\/revisions"}],"predecessor-version":[{"id":205,"href":"https:\/\/lonehansenkofoed.dk\/index.php\/wp-json\/wp\/v2\/pages\/125\/revisions\/205"}],"wp:attachment":[{"href":"https:\/\/lonehansenkofoed.dk\/index.php\/wp-json\/wp\/v2\/media?parent=125"}],"curies":[{"name":"wp","href":"https:\/\/api.w.org\/{rel}","templated":true}]}}